{"id":6034,"date":"2022-10-19T00:15:49","date_gmt":"2022-10-19T00:15:49","guid":{"rendered":"https:\/\/scpa-ca.ro\/?page_id=6034"},"modified":"2025-11-05T21:37:28","modified_gmt":"2025-11-05T21:37:28","slug":"cetatenie","status":"publish","type":"page","link":"https:\/\/sprlcalinescu.ro\/en\/cetatenie\/","title":{"rendered":"Citizenship"},"content":{"rendered":"<div data-elementor-type=\"wp-page\" data-elementor-id=\"6034\" class=\"elementor elementor-6034\" data-elementor-post-type=\"page\">\n\t\t\t\t\t\t<section class=\"elementor-section elementor-top-section elementor-element elementor-element-b3dda68 elementor-section-boxed elementor-section-height-default elementor-section-height-default\" data-id=\"b3dda68\" data-element_type=\"section\" data-settings=\"{&quot;background_background&quot;:&quot;classic&quot;,&quot;background_motion_fx_motion_fx_scrolling&quot;:&quot;yes&quot;,&quot;background_motion_fx_translateY_effect&quot;:&quot;yes&quot;,&quot;background_motion_fx_translateX_effect&quot;:&quot;yes&quot;,&quot;jet_parallax_layout_list&quot;:[],&quot;background_motion_fx_translateY_speed&quot;:{&quot;unit&quot;:&quot;px&quot;,&quot;size&quot;:4,&quot;sizes&quot;:[]},&quot;background_motion_fx_translateY_affectedRange&quot;:{&quot;unit&quot;:&quot;%&quot;,&quot;size&quot;:&quot;&quot;,&quot;sizes&quot;:{&quot;start&quot;:0,&quot;end&quot;:100}},&quot;background_motion_fx_translateX_speed&quot;:{&quot;unit&quot;:&quot;px&quot;,&quot;size&quot;:4,&quot;sizes&quot;:[]},&quot;background_motion_fx_translateX_affectedRange&quot;:{&quot;unit&quot;:&quot;%&quot;,&quot;size&quot;:&quot;&quot;,&quot;sizes&quot;:{&quot;start&quot;:0,&quot;end&quot;:100}},&quot;background_motion_fx_devices&quot;:[&quot;desktop&quot;,&quot;laptop&quot;,&quot;tablet&quot;,&quot;mobile&quot;]}\">\n\t\t\t\t\t\t<div class=\"elementor-container elementor-column-gap-default\">\n\t\t\t\t\t<div class=\"elementor-column elementor-col-100 elementor-top-column elementor-element elementor-element-c023f05\" data-id=\"c023f05\" data-element_type=\"column\">\n\t\t\t<div class=\"elementor-widget-wrap\">\n\t\t\t\t\t\t\t<\/div>\n\t\t<\/div>\n\t\t\t\t\t<\/div>\n\t\t<\/section>\n\t\t\t\t<section class=\"elementor-section elementor-top-section elementor-element elementor-element-ddfc685 elementor-section-boxed elementor-section-height-default elementor-section-height-default\" data-id=\"ddfc685\" data-element_type=\"section\" data-settings=\"{&quot;background_background&quot;:&quot;classic&quot;,&quot;jet_parallax_layout_list&quot;:[]}\">\n\t\t\t\t\t\t<div class=\"elementor-container elementor-column-gap-default\">\n\t\t\t\t\t<div class=\"elementor-column elementor-col-100 elementor-top-column elementor-element elementor-element-4a1456b\" data-id=\"4a1456b\" data-element_type=\"column\" data-settings=\"{&quot;background_background&quot;:&quot;classic&quot;}\">\n\t\t\t<div class=\"elementor-widget-wrap elementor-element-populated\">\n\t\t\t\t\t\t<div class=\"elementor-element elementor-element-45e4d5a htmove-heading-center elementor-widget elementor-widget-move-heading\" data-id=\"45e4d5a\" data-element_type=\"widget\" data-widget_type=\"move-heading.default\">\n\t\t\t\t<div class=\"elementor-widget-container\">\n\t\t\t\t\t<div class=\"htmove-heading htmove-heading-center htmove-sub-heading-pos-\"><h2  class=\"htmove-heading-title\">REGAINING ROMANIAN CITIZENSHIP<\/h2><\/div>\t\t\t\t<\/div>\n\t\t\t\t<\/div>\n\t\t\t\t<div class=\"elementor-element elementor-element-067e121 elementor-widget-divider--view-line elementor-invisible elementor-widget elementor-widget-divider\" data-id=\"067e121\" data-element_type=\"widget\" data-settings=\"{&quot;_animation&quot;:&quot;bounceInLeft&quot;}\" data-widget_type=\"divider.default\">\n\t\t\t\t<div class=\"elementor-widget-container\">\n\t\t\t\t\t\t\t<div class=\"elementor-divider\">\n\t\t\t<span class=\"elementor-divider-separator\">\n\t\t\t\t\t\t<\/span>\n\t\t<\/div>\n\t\t\t\t\t\t<\/div>\n\t\t\t\t<\/div>\n\t\t\t\t<div class=\"elementor-element elementor-element-00b73c0 elementor-widget elementor-widget-text-editor\" data-id=\"00b73c0\" data-element_type=\"widget\" data-widget_type=\"text-editor.default\">\n\t\t\t\t<div class=\"elementor-widget-container\">\n\t\t\t\t\t\t\t\t\t<p>Obtaining Romanian citizenship is a complex, expensive and long-term process. From the beginning of the process to the end, years of uncertainty can pass, resources consumed, substantial financial efforts, countless documents and roads made, but even then there is no guarantee of a positive resolution.<\/p><p>The legal representation provided by one of our lawyers gives you the advantage of being correctly and concretely informed about the entire procedure, documentation and costs. Our team deals with the analysis of your family situation, the research and discovery of documents proving your family origins, counseling and compliance with the citizenship procedure, representation before the Romanian State and the ANC.<\/p><p>This will allow you to have a more efficient process, which will help you save time, financial resources and unnecessary trips. We offer this service for citizens of Turkey, Moldova or Ukraine who have Romanian ancestors.<\/p><p>\u00a0<\/p>\t\t\t\t\t\t\t\t<\/div>\n\t\t\t\t<\/div>\n\t\t\t\t\t<\/div>\n\t\t<\/div>\n\t\t\t\t\t<\/div>\n\t\t<\/section>\n\t\t\t\t<section class=\"elementor-section elementor-top-section elementor-element elementor-element-83bcd64 elementor-section-boxed elementor-section-height-default elementor-section-height-default\" data-id=\"83bcd64\" data-element_type=\"section\" data-settings=\"{&quot;background_background&quot;:&quot;classic&quot;,&quot;jet_parallax_layout_list&quot;:[]}\">\n\t\t\t\t\t\t<div class=\"elementor-container elementor-column-gap-default\">\n\t\t\t\t\t<div class=\"elementor-column elementor-col-50 elementor-top-column elementor-element elementor-element-4f4752d\" data-id=\"4f4752d\" data-element_type=\"column\" data-settings=\"{&quot;background_background&quot;:&quot;classic&quot;}\">\n\t\t\t<div class=\"elementor-widget-wrap elementor-element-populated\">\n\t\t\t\t\t\t<div class=\"elementor-element elementor-element-ff3eb9b elementor-align-center elementor-widget elementor-widget-bdt-advanced-button\" data-id=\"ff3eb9b\" data-element_type=\"widget\" data-widget_type=\"bdt-advanced-button.default\">\n\t\t\t\t<div class=\"elementor-widget-container\">\n\t\t\t\t\t\t\t<div class=\"bdt-ep-button-wrapper\">\n\t\t\t<a href=\"http:\/\/cetatenie.just.ro\/vrei-sa-devii-cetatean-roman\/\" class=\"bdt-ep-button bdt-ep-button-effect-g bdt-ep-button-size-md\">\n\t\t\t\t\t\t<div class=\"bdt-ep-button-content-wrapper bdt-flex bdt-flex-middle bdt-flex-center\" data-text=\"informa\u021bii cet\u0103\u021benie\">\n\t\t\t\n\t\t\t<div class=\"bdt-ep-button-text\">\n\n                <span class=\"avdbtn-text\">citizenship information<\/span>\n\n\t\t\t\t                    <span class=\"avdbtn-alt-text\">citizenship information<\/span>\n\t\t\t\t            <\/div>\n\n\t\t\t\n\t\t<\/div>\n\t\t\t\t\t<\/a>\n\t\t<\/div>\n\t\t\t\t\t\t<\/div>\n\t\t\t\t<\/div>\n\t\t\t\t\t<\/div>\n\t\t<\/div>\n\t\t\t\t<div class=\"elementor-column elementor-col-50 elementor-top-column elementor-element elementor-element-3e8edf0\" data-id=\"3e8edf0\" data-element_type=\"column\" data-settings=\"{&quot;background_background&quot;:&quot;classic&quot;}\">\n\t\t\t<div class=\"elementor-widget-wrap elementor-element-populated\">\n\t\t\t\t\t\t<div class=\"elementor-element elementor-element-7b9bac7 elementor-align-center elementor-widget elementor-widget-bdt-advanced-button\" data-id=\"7b9bac7\" data-element_type=\"widget\" data-widget_type=\"bdt-advanced-button.default\">\n\t\t\t\t<div class=\"elementor-widget-container\">\n\t\t\t\t\t\t\t<div class=\"bdt-ep-button-wrapper\">\n\t\t\t<a href=\"https:\/\/scpa-ca.ro\/contact\/\" class=\"bdt-ep-attention-button bdt-ep-button bdt-ep-button-effect-a bdt-ep-button-size-md\">\n\t\t\t\t\t\t<div class=\"bdt-ep-button-content-wrapper bdt-flex bdt-flex-middle bdt-flex-center\" data-text=\"apeleaz\u0103 la un specialist\">\n\t\t\t\n\t\t\t<div class=\"bdt-ep-button-text\">\n\n                <span class=\"avdbtn-text\">call a specialist<\/span>\n\n\t\t\t\t            <\/div>\n\n\t\t\t\n\t\t<\/div>\n\t\t\t\t\t<\/a>\n\t\t<\/div>\n\t\t\t\t\t\t<\/div>\n\t\t\t\t<\/div>\n\t\t\t\t\t<\/div>\n\t\t<\/div>\n\t\t\t\t\t<\/div>\n\t\t<\/section>\n\t\t\t\t<section class=\"elementor-section elementor-top-section elementor-element elementor-element-772da1d elementor-section-boxed elementor-section-height-default elementor-section-height-default\" data-id=\"772da1d\" data-element_type=\"section\" data-settings=\"{&quot;jet_parallax_layout_list&quot;:[]}\">\n\t\t\t\t\t\t<div class=\"elementor-container elementor-column-gap-default\">\n\t\t\t\t\t<div class=\"elementor-column elementor-col-100 elementor-top-column elementor-element elementor-element-58894b4\" data-id=\"58894b4\" data-element_type=\"column\">\n\t\t\t<div class=\"elementor-widget-wrap\">\n\t\t\t\t\t\t\t<\/div>\n\t\t<\/div>\n\t\t\t\t\t<\/div>\n\t\t<\/section>\n\t\t\t\t<\/div>","protected":false},"excerpt":{"rendered":"<p>REDOB\u00c2NDIREA CET\u0102\u021aENIEI ROM\u00c2NE Ob\u021binerea cet\u0103\u021beniei rom\u00e2ne este un proces complex, costisitor \u0219i de durat\u0103. De la \u00eenceputul demersurilor \u0219i p\u00e2n\u0103 la final pot trece ani de zile de incertitudine, resurse consumate, eforturi financiare substan\u021biale, nenum\u0103rate documente \u0219i drumuri f\u0103cute, \u00eens\u0103 nici atunci nu exist\u0103 o garan\u021bie pentru o rezolu\u021bie pozitiv\u0103. Reprezentarea legal\u0103 oferit\u0103 de unul [&hellip;]<\/p>","protected":false},"author":1,"featured_media":0,"parent":0,"menu_order":0,"comment_status":"closed","ping_status":"closed","template":"","meta":{"_acf_changed":false,"_monsterinsights_skip_tracking":false,"_monsterinsights_sitenote_active":false,"_monsterinsights_sitenote_note":"","_monsterinsights_sitenote_category":0,"footnotes":""},"class_list":["post-6034","page","type-page","status-publish","hentry"],"acf":[],"aioseo_notices":[],"_links":{"self":[{"href":"https:\/\/sprlcalinescu.ro\/en\/wp-json\/wp\/v2\/pages\/6034","targetHints":{"allow":["GET"]}}],"collection":[{"href":"https:\/\/sprlcalinescu.ro\/en\/wp-json\/wp\/v2\/pages"}],"about":[{"href":"https:\/\/sprlcalinescu.ro\/en\/wp-json\/wp\/v2\/types\/page"}],"author":[{"embeddable":true,"href":"https:\/\/sprlcalinescu.ro\/en\/wp-json\/wp\/v2\/users\/1"}],"replies":[{"embeddable":true,"href":"https:\/\/sprlcalinescu.ro\/en\/wp-json\/wp\/v2\/comments?post=6034"}],"version-history":[{"count":12,"href":"https:\/\/sprlcalinescu.ro\/en\/wp-json\/wp\/v2\/pages\/6034\/revisions"}],"predecessor-version":[{"id":7746,"href":"https:\/\/sprlcalinescu.ro\/en\/wp-json\/wp\/v2\/pages\/6034\/revisions\/7746"}],"wp:attachment":[{"href":"https:\/\/sprlcalinescu.ro\/en\/wp-json\/wp\/v2\/media?parent=6034"}],"curies":[{"name":"wp","href":"https:\/\/api.w.org\/{rel}","templated":true}]}}